{"id":903,"date":"2016-11-16T01:08:34","date_gmt":"2016-11-16T07:08:34","guid":{"rendered":"http:\/\/lagrimasdedolores.com\/producto\/anejo-de-250-ml\/"},"modified":"2017-08-01T12:55:20","modified_gmt":"2017-08-01T17:55:20","slug":"anejo-de-250-ml","status":"publish","type":"product","link":"https:\/\/lagrimasdedolores.com\/en\/producto\/anejo-de-250-ml\/","title":{"rendered":"A\u00f1ejo de 250 ml"},"content":{"rendered":"<p>Con un \u00e1mbar oscuro y misterioso, el apacible sabor a madera de este mezcal es entregado por el roble blanco en un sue\u00f1o de cuatro estaciones. Se\u00f1orial y majestuoso, inunda el paladar con las notas herb\u00e1ceas amables del agave cocido.<\/p>\n","protected":false},"excerpt":{"rendered":"<p>Con un \u00e1mbar oscuro y misterioso, el apacible sabor a madera de este mezcal es entregado por el roble blanco en un sue\u00f1o de cuatro estaciones. Se\u00f1orial y majestuoso, inunda el paladar con las notas herb\u00e1ceas amables del agave cocido.<\/p>\n","protected":false},"featured_media":844,"comment_status":"open","ping_status":"closed","template":"","meta":[],"product_brand":[],"product_cat":[54],"product_tag":[],"class_list":{"0":"post-903","1":"product","2":"type-product","3":"status-publish","4":"has-post-thumbnail","6":"product_cat-sin-categoria","8":"first","9":"instock","10":"shipping-taxable","11":"purchasable","12":"product-type-simple"},"_links":{"self":[{"href":"https:\/\/lagrimasdedolores.com\/en\/wp-json\/wp\/v2\/product\/903","targetHints":{"allow":["GET"]}}],"collection":[{"href":"https:\/\/lagrimasdedolores.com\/en\/wp-json\/wp\/v2\/product"}],"about":[{"href":"https:\/\/lagrimasdedolores.com\/en\/wp-json\/wp\/v2\/types\/product"}],"replies":[{"embeddable":true,"href":"https:\/\/lagrimasdedolores.com\/en\/wp-json\/wp\/v2\/comments?post=903"}],"wp:featuredmedia":[{"embeddable":true,"href":"https:\/\/lagrimasdedolores.com\/en\/wp-json\/wp\/v2\/media\/844"}],"wp:attachment":[{"href":"https:\/\/lagrimasdedolores.com\/en\/wp-json\/wp\/v2\/media?parent=903"}],"wp:term":[{"taxonomy":"product_brand","embeddable":true,"href":"https:\/\/lagrimasdedolores.com\/en\/wp-json\/wp\/v2\/product_brand?post=903"},{"taxonomy":"product_cat","embeddable":true,"href":"https:\/\/lagrimasdedolores.com\/en\/wp-json\/wp\/v2\/product_cat?post=903"},{"taxonomy":"product_tag","embeddable":true,"href":"https:\/\/lagrimasdedolores.com\/en\/wp-json\/wp\/v2\/product_tag?post=903"}],"curies":[{"name":"wp","href":"https:\/\/api.w.org\/{rel}","templated":true}]}}