{"id":869,"date":"2016-05-06T14:46:37","date_gmt":"2016-05-06T19:46:37","guid":{"rendered":"http:\/\/lagrimasdedolores.com\/nuestros-mezcales\/"},"modified":"2017-08-01T12:48:12","modified_gmt":"2017-08-01T17:48:12","slug":"our-mezcales","status":"publish","type":"page","link":"https:\/\/lagrimasdedolores.com\/en\/our-mezcales\/","title":{"rendered":"Our mezcales"},"content":{"rendered":"<div class=\"wpb-content-wrapper\"><p>[vc_row][vc_column]<div class=\"sc_section section_style_underline aligncenter\"><div class=\"sc_section_inner\"><h6 class=\"sc_section_subtitle sc_item_subtitle\">OUR<\/h6><h3 class=\"sc_section_title sc_item_title\">MEZCALES<\/h3><div class=\"sc_section_descr sc_item_descr\">El Mezcal L\u00e1grimas de Dolores no es algo que deba tomarse a la ligera. Para poder liberar todo su esplendor se debe ser cuidadoso al momento de tomarlo.<\/div><div class=\"sc_section_content_wrap\"><\/div><\/div><\/div>[\/vc_column][\/vc_row][vc_row][vc_column]<div class=\"sc_promo sc_promo_size_large\"><div class=\"sc_promo_inner\"><div class=\"sc_promo_image\" style=\"background-image:url(https:\/\/lagrimasdedolores.com\/wp-content\/uploads\/2016\/05\/joven.jpg);width:50%;left: 0;\"><\/div><div class=\"sc_promo_block sc_align_center\" style=\"width: 50%; float: right;\"><div class=\"sc_promo_block_inner\"><div class=\"sc_promo_content\"><div id=\"sc_services_1832210870_wrap\" class=\"sc_services_wrap\"><div id=\"sc_services_1832210870\" class=\"sc_services sc_services_style_services-1 sc_services_type_images  margin_top_large margin_bottom_large slyle_serv_minimal aligncenter\" style=\"width:100%;\">\t\t\t<div id=\"sc_services_1832210870_1\"\t\t\t\tclass=\"sc_services_item sc_services_item_1 odd first\"\n\t\t\t\t>\n\t\t\t\t\t\t\t\t\t<div class=\"sc_services_item_featured post_featured\">\n\t\t\t\t\t\t\t\t\t\t\t<\/div>\n\t\t\t\t\t\t\t\t\t<div class=\"sc_services_item_content\">\n\t\t\t\t\t<h6 class=\"sc_services_item_title\"><a href=\"https:\/\/lagrimasdedolores.com\/en\/services\/mezcal-joven\/\">Mezcal joven<\/a><\/h6>\n\t\t\t\t\t<div class=\"sc_services_item_description\">\n\t\t\t\t\t\t<p>Transl\u00facido inmaculado, posee olores y sabores que lo hacen \u00fanico. Es una bebida luminosa y pintoresca que nos recuerda el gran orgullo de ser mexicanos duranguenses con sus aromas, sabor ahumado y sutilidad herb\u00e1cea caracter\u00edsticos del mezcal joven.<\/p><a href=\"https:\/\/lagrimasdedolores.com\/en\/services\/mezcal-joven\/\" class=\"sc_button sc_button_square sc_button_style_filled sc_button_size_small\">Learn more<\/a>\t\t\t\t\t<\/div>\n\t\t\t\t<\/div>\n\t\t\t<\/div>\n\t\t<\/div><!-- \/.sc_services --><\/div><!-- \/.sc_services_wrap --><\/div><\/div><\/div><\/div><\/div>[\/vc_column][\/vc_row][vc_row][vc_column]<div class=\"sc_promo sc_promo_size_large\"><div class=\"sc_promo_inner\"><div class=\"sc_promo_image\" style=\"background-image:url(https:\/\/lagrimasdedolores.com\/wp-content\/uploads\/2016\/05\/a\u00f1ejo.jpg);width:50%;right: 0;\"><\/div><div class=\"sc_promo_block sc_align_center\" style=\"width: 50%; float: left;\"><div class=\"sc_promo_block_inner\"><div class=\"sc_promo_content\"><div id=\"sc_services_389988035_wrap\" class=\"sc_services_wrap\"><div id=\"sc_services_389988035\" class=\"sc_services sc_services_style_services-1 sc_services_type_images  margin_top_large margin_bottom_large slyle_serv_minimal aligncenter\" style=\"width:100%;\">\t\t\t<div id=\"sc_services_389988035_1\"\t\t\t\tclass=\"sc_services_item sc_services_item_1 odd first\"\n\t\t\t\t>\n\t\t\t\t\t\t\t\t\t<div class=\"sc_services_item_featured post_featured\">\n\t\t\t\t\t\t\t\t\t\t\t<\/div>\n\t\t\t\t\t\t\t\t\t<div class=\"sc_services_item_content\">\n\t\t\t\t\t<h6 class=\"sc_services_item_title\"><a href=\"https:\/\/lagrimasdedolores.com\/en\/services\/anejo\/\">A\u00f1ejo<\/a><\/h6>\n\t\t\t\t\t<div class=\"sc_services_item_description\">\n\t\t\t\t\t\t<p>Con un \u00e1mbar oscuro y misterioso, el apacible sabor a madera de este mezcal es entregado por el roble blanco en un sue\u00f1o de cuatro estaciones. Se\u00f1orial y majestuoso, inunda el paladar con las notas herb\u00e1ceas amables del agave cocido.<\/p><a href=\"https:\/\/lagrimasdedolores.com\/en\/services\/anejo\/\" class=\"sc_button sc_button_square sc_button_style_filled sc_button_size_small\">Learn more<\/a>\t\t\t\t\t<\/div>\n\t\t\t\t<\/div>\n\t\t\t<\/div>\n\t\t<\/div><!-- \/.sc_services --><\/div><!-- \/.sc_services_wrap --><\/div><\/div><\/div><\/div><\/div>[\/vc_column][\/vc_row][vc_row][vc_column]<div class=\"sc_promo margin_bottom_huge sc_promo_size_large\"><div class=\"sc_promo_inner\"><div class=\"sc_promo_image\" style=\"background-image:url(https:\/\/lagrimasdedolores.com\/wp-content\/uploads\/2016\/05\/cenizo.jpg);width:50%;left: 0;\"><\/div><div class=\"sc_promo_block sc_align_center\" style=\"width: 50%; float: right;\"><div class=\"sc_promo_block_inner\"><div class=\"sc_promo_content\"><div id=\"sc_services_763001387_wrap\" class=\"sc_services_wrap\"><div id=\"sc_services_763001387\" class=\"sc_services sc_services_style_services-1 sc_services_type_images  margin_top_large margin_bottom_large slyle_serv_minimal aligncenter\" style=\"width:100%;\">\t\t\t<div id=\"sc_services_763001387_1\"\t\t\t\tclass=\"sc_services_item sc_services_item_1 odd first\"\n\t\t\t\t>\n\t\t\t\t\t\t\t\t\t<div class=\"sc_services_item_featured post_featured\">\n\t\t\t\t\t\t\t\t\t\t\t<\/div>\n\t\t\t\t\t\t\t\t\t<div class=\"sc_services_item_content\">\n\t\t\t\t\t<h6 class=\"sc_services_item_title\"><a href=\"https:\/\/lagrimasdedolores.com\/en\/services\/agave-cenizo-iii\/\">AGAVE CENIZO III<\/a><\/h6>\n\t\t\t\t\t<div class=\"sc_services_item_description\">\n\t\t\t\t\t\t<p>La m\u00e1xima joya de nuestra corona. Toda la sensualidad de nuestros m\u00e1s finos mezcales a\u00f1ejos son enfrentados de nuevo al calor de los alambiques para otorgarle una tercera destilaci\u00f3n que los transforma en n\u00e9ctar.<\/p><a href=\"https:\/\/lagrimasdedolores.com\/en\/services\/agave-cenizo-iii\/\" class=\"sc_button sc_button_square sc_button_style_filled sc_button_size_small\">Learn more<\/a>\t\t\t\t\t<\/div>\n\t\t\t\t<\/div>\n\t\t\t<\/div>\n\t\t<\/div><!-- \/.sc_services --><\/div><!-- \/.sc_services_wrap --><\/div><\/div><\/div><\/div><\/div>[\/vc_column][\/vc_row]<\/p>\n<\/div>","protected":false},"excerpt":{"rendered":"<p>[vc_row][vc_column][\/vc_column][\/vc_row][vc_row][vc_column][\/vc_column][\/vc_row][vc_row][vc_column][\/vc_column][\/vc_row][vc_row][vc_column][\/vc_column][\/vc_row]<\/p>\n","protected":false},"author":1,"featured_media":0,"parent":0,"menu_order":0,"comment_status":"closed","ping_status":"closed","template":"","meta":{"footnotes":""},"class_list":["post-869","page","type-page","status-publish","hentry"],"_links":{"self":[{"href":"https:\/\/lagrimasdedolores.com\/en\/wp-json\/wp\/v2\/pages\/869","targetHints":{"allow":["GET"]}}],"collection":[{"href":"https:\/\/lagrimasdedolores.com\/en\/wp-json\/wp\/v2\/pages"}],"about":[{"href":"https:\/\/lagrimasdedolores.com\/en\/wp-json\/wp\/v2\/types\/page"}],"author":[{"embeddable":true,"href":"https:\/\/lagrimasdedolores.com\/en\/wp-json\/wp\/v2\/users\/1"}],"replies":[{"embeddable":true,"href":"https:\/\/lagrimasdedolores.com\/en\/wp-json\/wp\/v2\/comments?post=869"}],"version-history":[{"count":3,"href":"https:\/\/lagrimasdedolores.com\/en\/wp-json\/wp\/v2\/pages\/869\/revisions"}],"predecessor-version":[{"id":901,"href":"https:\/\/lagrimasdedolores.com\/en\/wp-json\/wp\/v2\/pages\/869\/revisions\/901"}],"wp:attachment":[{"href":"https:\/\/lagrimasdedolores.com\/en\/wp-json\/wp\/v2\/media?parent=869"}],"curies":[{"name":"wp","href":"https:\/\/api.w.org\/{rel}","templated":true}]}}