{"id":865,"date":"2016-05-05T07:53:15","date_gmt":"2016-05-05T12:53:15","guid":{"rendered":"http:\/\/lagrimasdedolores.com\/inicio\/"},"modified":"2017-08-01T17:35:52","modified_gmt":"2017-08-01T22:35:52","slug":"inicio","status":"publish","type":"page","link":"https:\/\/lagrimasdedolores.com\/en\/","title":{"rendered":"Home"},"content":{"rendered":"<div class=\"wpb-content-wrapper\"><p>[vc_row full_width=&#8221;stretch_row&#8221; css=&#8221;.vc_custom_1478896647814{padding-top: 30px !important;padding-bottom: 30px !important;background-color: #202020 !important;}&#8221;][vc_column][vc_column_text]<\/p>\n<h2 style=\"margin: 0; text-align: center; line-height: 1.2em;\"><span style=\"color: #ffffff;\">EL D\u00cdA QUE EL AMOR SE CONVIERTA EN MEZCAL ME LO TOMO EN SERIO<\/span><\/h2>\n<p>[\/vc_column_text][\/vc_column][\/vc_row][vc_row][vc_column css=&#8221;.vc_custom_1463642208790{margin-top: 0.25rem !important;}&#8221;]<div class=\"sc_parallax margin_top_huge margin_bottom_huge\" data-parallax-speed=\"0\" data-parallax-x-pos=\"50%\" data-parallax-y-pos=\"50%\"><div class=\"sc_parallax_content\" style=\"background-image:url(https:\/\/lagrimasdedolores.com\/wp-content\/uploads\/2016\/05\/bienvenida.jpg); background-position:50% 50%;\"><div class=\"sc_parallax_overlay\" style=\"\"><div class=\"sc_section alignright column-1_3\" style=\"text-align: right;\"><div class=\"sc_section_inner\"><div class=\"sc_section_content_wrap\"><a href=\"about-us\/\" class=\"sc_button sc_button_square sc_button_style_filled sc_button_size_medium margin_top_super_huge  sc_button_iconed icon-right\" style=\"background-color:rgba(99,80,58,0.97); border-color:rgba(99,80,58,0.97);\">Read more<\/a><\/div><\/div><\/div><div class=\"sc_section margin_top_null margin_right_null margin_bottom_null margin_left_null section_style_inverse alignleft\" style=\"max-width:470px; text-align: center;background-color:rgba(32,32,32,0.94);\"><div class=\"sc_section_inner\"><div class=\"sc_section_overlay\" style=\"\"><div class=\"sc_section_content padding_on\" style=\"\"><h6 class=\"sc_section_subtitle sc_item_subtitle\">WELCOME<\/h6><h3 class=\"sc_section_title sc_item_title\">MEZCAL DE HACIENDA<\/h3><div class=\"sc_section_descr sc_item_descr\">Lagrimas de Dolores is an extraordinary mezcal distilled at the Hacienda Dolores, Durango, originally built during the XVII Century. The birth of our mezcal dates back to more than ten years ago. A project which seeks to reconstruct the hacienda and along with it, its culture, traditions, flavours and elegance of a typical northern hacienda.<\/div><div class=\"sc_section_content_wrap\"><\/div><\/div><\/div><\/div><\/div><\/div><\/div><\/div>[\/vc_column][\/vc_row][vc_row full_width=&#8221;stretch_row&#8221; css=&#8221;.vc_custom_1498598376436{padding-top: 40px !important;padding-bottom: 40px !important;background-image: url(http:\/\/lagrimasdedolores.com\/wp-content\/uploads\/2016\/05\/nuestrosMezcales.jpg?id=698) !important;}&#8221;][vc_column width=&#8221;4\/12&#8243; css=&#8221;.vc_custom_1463576070137{margin-bottom: 0.85rem !important;}&#8221;]<div class=\"sc_section sc_section_block margin_top_super_huge margin_bottom_huge aligncenter\"><div class=\"sc_section_inner\"><div class=\"sc_section_content_wrap\">[vc_empty_space height=&#8221;3.5em&#8221;][vc_column_text]<\/p>\n<h1 style=\"line-height: 1.2em; margin: 0;\"><span style=\"color: #ffffff;\">OUR MEZCALES<\/span><\/h1>\n<p>[\/vc_column_text]<\/div><\/div><\/div>[\/vc_column][vc_column width=&#8221;8\/12&#8243;]<div id=\"sc_testimonials_166888723\" class=\"sc_testimonials sc_testimonials_style_testimonials-2  testimonials_product\" style=\"width:100%;\"><div class=\"sc_slider_swiper swiper-slider-container sc_slider_nopagination sc_slider_controls sc_slider_controls_side\" data-interval=\"9576\" data-slides-min-width=\"250\"><div class=\"slides swiper-wrapper\"><div class=\"swiper-slide\" data-style=\"width:100%;\" style=\"width:100%;\">\t\t\t<div id=\"sc_testimonials_166888723_1\" class=\"sc_testimonial_item\">\n\t\t\t\t<div class=\"sc_testimonial_content\"><figure class=\"sc_image  alignleft sc_image_shape_square margin_right_small\" style=\"width:32%;\"><img decoding=\"async\" src=\"https:\/\/lagrimasdedolores.com\/wp-content\/uploads\/2016\/05\/mezcal1.png\" alt=\"\" \/><\/figure><div class=\"sc_section sc_section_block margin_top_super_huge\"><div class=\"sc_section_inner\"><div class=\"sc_section_content_wrap\"><div class=\"sc_section margin_top_null\"><div class=\"sc_section_inner\"><div class=\"sc_section_content_wrap\">[vc_column_text]<\/p>\n<p style=\"font-size: 34px; font-weight: bold; margin-bottom: 5px;\"><span style=\"color: #ffffff;\">Joven Cenizo<\/span><\/p>\n<p><span style=\"color: #ffffff;\">Transl\u00facido inmaculado, posee olores y sabores que lo hacen \u00fanico. Es una bebida luminosa y pintoresca que nos recuerda el gran orgullo de ser mexicanos duranguenses con sus aromas, sabor ahumado y sutilidad herb\u00e1cea caracter\u00edsticos del mezcal joven.<\/span>[\/vc_column_text]<a href=\"our-mezcales\/\" class=\"sc_button sc_button_square sc_button_style_border sc_button_size_small alignleft margin_top_small light  sc_button_iconed none sc_popup_link\" style=\"borderWhitecolor:#ffffff;\">More details<\/a><\/div><\/div><\/div><\/div><\/div><\/div><\/div>\n\t\t\t\t\t\t\t<\/div>\n\t\t<\/div><div class=\"swiper-slide\" data-style=\"width:100%;\" style=\"width:100%;\">\t\t\t<div id=\"sc_testimonials_166888723_2\" class=\"sc_testimonial_item\">\n\t\t\t\t<div class=\"sc_testimonial_content\"><figure class=\"sc_image  alignleft sc_image_shape_square margin_right_small\" style=\"width:32%;\"><img decoding=\"async\" src=\"https:\/\/lagrimasdedolores.com\/wp-content\/uploads\/2016\/05\/mezcal2.png\" alt=\"\" \/><\/figure><div class=\"sc_section sc_section_block margin_top_super_huge\"><div class=\"sc_section_inner\"><div class=\"sc_section_content_wrap\"><div class=\"sc_section\"><div class=\"sc_section_inner\"><div class=\"sc_section_content_wrap\">[vc_column_text]<\/p>\n<p style=\"font-size: 34px; font-weight: bold; margin-bottom: 5px;\"><span style=\"color: #ffffff;\">A\u00f1ejo<\/span><\/p>\n<p><span style=\"color: #ffffff;\">Con un \u00e1mbar oscuro y misterioso, el apacible sabor a madera de este mezcal es entregado por el roble blanco en un sue\u00f1o de cuatro estaciones. Se\u00f1orial y majestuoso, inunda el paladar con las notas herb\u00e1ceas amables del agave cocido.<\/span>[\/vc_column_text]<a href=\"our-mezcales\/\" class=\"sc_button sc_button_square sc_button_style_border sc_button_size_small alignleft margin_top_small light  sc_button_iconed none sc_popup_link\" style=\"borderWhitecolor:#ffffff;\">More details<\/a><\/div><\/div><\/div><\/div><\/div><\/div><\/div>\n\t\t\t\t\t\t\t<\/div>\n\t\t<\/div><\/div><div class=\"sc_slider_controls_wrap\"><a class=\"sc_slider_prev\" href=\"#\"><\/a><a class=\"sc_slider_next\" href=\"#\"><\/a><\/div><div class=\"sc_slider_pagination_wrap\"><\/div><\/div><\/div>[\/vc_column][\/vc_row][vc_row][vc_column]<div id=\"sc_services_1060499994_wrap\" class=\"sc_services_wrap\"><div id=\"sc_services_1060499994\" class=\"sc_services sc_services_style_services-1 sc_services_type_images  margin_bottom_small slyle_serv_transparent aligncenter\" style=\"margin-top: 1.6em;width:100%;\" data-equal-height=\".sc_services_item\"><h6 class=\"sc_services_subtitle sc_item_subtitle\">OUR AGAVES<\/h6><div class=\"sc_slider_swiper swiper-slider-container sc_slider_pagination sc_slider_pagination_bottom sc_slider_nocontrols sc_slider_height_auto\" data-interval=\"6000\" data-slides-per-view=\"4\" data-slides-min-width=\"250\"><div class=\"slides swiper-wrapper\"><div class=\"swiper-slide\" data-style=\"width:100%;\" style=\"width:100%;\"><div class=\"sc_services_item_wrap\">\t\t\t<div id=\"sc_services_1060499994_1\"\t\t\t\tclass=\"sc_services_item sc_services_item_1 odd first\"\n\t\t\t\t>\n\t\t\t\t\t\t\t\t\t<div class=\"sc_services_item_featured post_featured\">\n\t\t\t\t\t\t\t<div class=\"post_thumb\" data-image=\"\" data-title=\"Cimarri\u00f3n\">\n\t<img loading=\"lazy\" decoding=\"async\" class=\"wp-post-image\" width=\"370\" height=\"209\" alt=\"cimarrion.jpg\" src=\"https:\/\/lagrimasdedolores.com\/wp-content\/uploads\/2016\/05\/cimarrion.jpg\">\t<\/div>\n\t\t\t\t\t\t<\/div>\n\t\t\t\t\t\t\t\t\t<div class=\"sc_services_item_content\">\n\t\t\t\t\t<h6 class=\"sc_services_item_title\">Cimarri\u00f3n<\/h6>\n\t\t\t\t\t<div class=\"sc_services_item_description\">\n\t\t\t\t\t\t<p><a href=\"#\" class=\"sc_button sc_button_square sc_button_style_filled sc_button_size_small aligncenter margin_top_small  sc_button_iconed none sc_popup_link\" style=\"letter-spacing: 1px;color:#ffffff;background-color:#624e39; border-color:#624e39;\">Details<\/a><\/p>\t\t\t\t\t<\/div>\n\t\t\t\t<\/div>\n\t\t\t<\/div>\n\t\t<\/div><\/div><div class=\"swiper-slide\" data-style=\"width:100%;\" style=\"width:100%;\"><div class=\"sc_services_item_wrap\">\t\t\t<div id=\"sc_services_1060499994_2\"\t\t\t\tclass=\"sc_services_item sc_services_item_2 even\"\n\t\t\t\t>\n\t\t\t\t\t\t\t\t\t<div class=\"sc_services_item_featured post_featured\">\n\t\t\t\t\t\t\t<div class=\"post_thumb\" data-image=\"\" data-title=\"Tepemete\">\n\t<img loading=\"lazy\" decoding=\"async\" class=\"wp-post-image\" width=\"370\" height=\"209\" alt=\"tepemete.jpg\" src=\"https:\/\/lagrimasdedolores.com\/wp-content\/uploads\/2016\/05\/tepemete.jpg\">\t<\/div>\n\t\t\t\t\t\t<\/div>\n\t\t\t\t\t\t\t\t\t<div class=\"sc_services_item_content\">\n\t\t\t\t\t<h6 class=\"sc_services_item_title\">Tepemete<\/h6>\n\t\t\t\t\t<div class=\"sc_services_item_description\">\n\t\t\t\t\t\t<p><a href=\"#\" class=\"sc_button sc_button_square sc_button_style_filled sc_button_size_small aligncenter margin_top_small  sc_button_iconed none sc_popup_link\" style=\"letter-spacing: 1px;color:#ffffff;background-color:#624e39; border-color:#624e39;\">Details<\/a><\/p>\t\t\t\t\t<\/div>\n\t\t\t\t<\/div>\n\t\t\t<\/div>\n\t\t<\/div><\/div><div class=\"swiper-slide\" data-style=\"width:100%;\" style=\"width:100%;\"><div class=\"sc_services_item_wrap\">\t\t\t<div id=\"sc_services_1060499994_3\"\t\t\t\tclass=\"sc_services_item sc_services_item_3 odd\"\n\t\t\t\t>\n\t\t\t\t\t\t\t\t\t<div class=\"sc_services_item_featured post_featured\">\n\t\t\t\t\t\t\t<div class=\"post_thumb\" data-image=\"\" data-title=\"Espad\u00edn Chacale\u00f1o\">\n\t<img loading=\"lazy\" decoding=\"async\" class=\"wp-post-image\" width=\"370\" height=\"209\" alt=\"espadin.jpg\" src=\"https:\/\/lagrimasdedolores.com\/wp-content\/uploads\/2016\/05\/espadin.jpg\">\t<\/div>\n\t\t\t\t\t\t<\/div>\n\t\t\t\t\t\t\t\t\t<div class=\"sc_services_item_content\">\n\t\t\t\t\t<h6 class=\"sc_services_item_title\">Espad\u00edn Chacale\u00f1o<\/h6>\n\t\t\t\t\t<div class=\"sc_services_item_description\">\n\t\t\t\t\t\t<p><a href=\"#\" class=\"sc_button sc_button_square sc_button_style_filled sc_button_size_small aligncenter margin_top_small  sc_button_iconed none sc_popup_link\" style=\"letter-spacing: 1px;color:#ffffff;background-color:#624e39; border-color:#624e39;\">Details<\/a><\/p>\t\t\t\t\t<\/div>\n\t\t\t\t<\/div>\n\t\t\t<\/div>\n\t\t<\/div><\/div><div class=\"swiper-slide\" data-style=\"width:100%;\" style=\"width:100%;\"><div class=\"sc_services_item_wrap\">\t\t\t<div id=\"sc_services_1060499994_4\"\t\t\t\tclass=\"sc_services_item sc_services_item_4 even\"\n\t\t\t\t>\n\t\t\t\t\t\t\t\t\t<div class=\"sc_services_item_featured post_featured\">\n\t\t\t\t\t\t\t<div class=\"post_thumb\" data-image=\"\" data-title=\"I\u2019gok\">\n\t<img loading=\"lazy\" decoding=\"async\" class=\"wp-post-image\" width=\"370\" height=\"209\" alt=\"americana.jpg\" src=\"https:\/\/lagrimasdedolores.com\/wp-content\/uploads\/2016\/05\/americana.jpg\">\t<\/div>\n\t\t\t\t\t\t<\/div>\n\t\t\t\t\t\t\t\t\t<div class=\"sc_services_item_content\">\n\t\t\t\t\t<h6 class=\"sc_services_item_title\">I\u2019gok<\/h6>\n\t\t\t\t\t<div class=\"sc_services_item_description\">\n\t\t\t\t\t\t<p><a href=\"#\" class=\"sc_button sc_button_square sc_button_style_filled sc_button_size_small aligncenter margin_top_small  sc_button_iconed none sc_popup_link\" style=\"letter-spacing: 1px;color:#ffffff;background-color:#624e39; border-color:#624e39;\">Details<\/a><\/p>\t\t\t\t\t<\/div>\n\t\t\t\t<\/div>\n\t\t\t<\/div>\n\t\t<\/div><\/div><\/div><div class=\"sc_slider_controls_wrap\"><a class=\"sc_slider_prev\" href=\"#\"><\/a><a class=\"sc_slider_next\" href=\"#\"><\/a><\/div><div class=\"sc_slider_pagination_wrap\"><\/div><\/div><\/div><!-- \/.sc_services --><\/div><!-- \/.sc_services_wrap -->[\/vc_column][\/vc_row][vc_row css=&#8221;.vc_custom_1478932705272{margin-bottom: 90px !important;}&#8221;][vc_column el_class=&#8221;testimoniales&#8221;]<div class=\"sc_testimonials_wrap sc_section\" style=\"background-color:#202020;background-image:url(https:\/\/lagrimasdedolores.com\/wp-content\/uploads\/2016\/05\/testimoniales.jpg);\"><div class=\"sc_section_overlay\" style=\"\"><div id=\"sc_testimonials_755722378\" class=\"sc_testimonials sc_testimonials_style_testimonials-1  margin_top_null margin_bottom_null alignright\" style=\"width:50%;\"><h6 class=\"sc_testimonials_subtitle sc_item_subtitle\">CULTURA POPULAR DEL MEZCAL<\/h6><div class=\"sc_slider_swiper swiper-slider-container sc_slider_nopagination sc_slider_controls sc_slider_controls_side\" data-interval=\"8412\" data-slides-min-width=\"250\"><div class=\"slides swiper-wrapper\"><div class=\"swiper-slide\" data-style=\"width:50%;\" style=\"width:50%;\">\t\t\t<div id=\"sc_testimonials_755722378_1\" class=\"sc_testimonial_item\">\n\t\t\t\t<div class=\"sc_testimonial_content\">[vc_column_text css=&#8221;.vc_custom_1479016008508{padding-top: 40px !important;padding-bottom: 40px !important;}&#8221;]<\/p>\n<p style=\"text-align: center;\"><span style=\"color: #ffffff;\">Una m\u00e1xima de todo mezcalero : Para todo mal mezcal y para todo bien tambi\u00e9n y si no hay remedio mejor litro y medio<\/span><\/p>\n<p>[\/vc_column_text]<\/div>\n\t\t\t\t\t\t\t\t<div class=\"sc_testimonial_avatar\"><img loading=\"lazy\" decoding=\"async\" class=\"wp-post-image\" width=\"75\" height=\"75\" alt=\"cultura.png\" src=\"https:\/\/lagrimasdedolores.com\/wp-content\/uploads\/2016\/05\/cultura.png\"><\/div>\n\t\t\t\t\t\t\t\t\t\t\t<\/div>\n\t\t<\/div><div class=\"swiper-slide\" data-style=\"width:50%;\" style=\"width:50%;\">\t\t\t<div id=\"sc_testimonials_755722378_2\" class=\"sc_testimonial_item\">\n\t\t\t\t<div class=\"sc_testimonial_content\">[vc_column_text css=&#8221;.vc_custom_1479016018188{padding-top: 40px !important;padding-bottom: 40px !important;}&#8221;]<\/p>\n<p style=\"text-align: center;\"><span style=\"color: #ffffff;\">No presumas saber de mezcales, el mejor mezcal es el que te estas por tomar<\/span><\/p>\n<p>[\/vc_column_text]<\/div>\n\t\t\t\t\t\t\t\t<div class=\"sc_testimonial_avatar\"><img loading=\"lazy\" decoding=\"async\" class=\"wp-post-image\" width=\"75\" height=\"75\" alt=\"cultura.png\" src=\"https:\/\/lagrimasdedolores.com\/wp-content\/uploads\/2016\/05\/cultura.png\"><\/div>\n\t\t\t\t\t\t\t\t\t\t\t<\/div>\n\t\t<\/div><div class=\"swiper-slide\" data-style=\"width:50%;\" style=\"width:50%;\">\t\t\t<div id=\"sc_testimonials_755722378_3\" class=\"sc_testimonial_item\">\n\t\t\t\t<div class=\"sc_testimonial_content\">[vc_column_text css=&#8221;.vc_custom_1479016026195{padding-top: 40px !important;padding-bottom: 40px !important;}&#8221;]<\/p>\n<p style=\"text-align: center;\"><span style=\"color: #ffffff;\">Para ser todo un erudito solo necesito de un traguito<\/span><\/p>\n<p>[\/vc_column_text]<\/div>\n\t\t\t\t\t\t\t\t<div class=\"sc_testimonial_avatar\"><img loading=\"lazy\" decoding=\"async\" class=\"wp-post-image\" width=\"75\" height=\"75\" alt=\"cultura.png\" src=\"https:\/\/lagrimasdedolores.com\/wp-content\/uploads\/2016\/05\/cultura.png\"><\/div>\n\t\t\t\t\t\t\t\t\t\t\t<\/div>\n\t\t<\/div><\/div><div class=\"sc_slider_controls_wrap\"><a class=\"sc_slider_prev\" href=\"#\"><\/a><a class=\"sc_slider_next\" href=\"#\"><\/a><\/div><div class=\"sc_slider_pagination_wrap\"><\/div><\/div><\/div><\/div><\/div>[\/vc_column][\/vc_row]<\/p>\n<\/div>","protected":false},"excerpt":{"rendered":"<p>[vc_row full_width=&#8221;stretch_row&#8221; css=&#8221;.vc_custom_1478896647814{padding-top: 30px !important;padding-bottom: 30px !important;background-color: #202020 !important;}&#8221;][vc_column][vc_column_text] EL D\u00cdA QUE EL AMOR SE CONVIERTA EN MEZCAL ME LO TOMO EN SERIO [\/vc_column_text][\/vc_column][\/vc_row][vc_row][vc_column css=&#8221;.vc_custom_1463642208790{margin-top: 0.25rem !important;}&#8221;][\/vc_column][\/vc_row][vc_row full_width=&#8221;stretch_row&#8221; css=&#8221;.vc_custom_1498598376436{padding-top: 40px !important;padding-bottom: 40px !important;background-image: url(http:\/\/lagrimasdedolores.com\/wp-content\/uploads\/2016\/05\/nuestrosMezcales.jpg?id=698) !important;}&#8221;][vc_column width=&#8221;4\/12&#8243; css=&#8221;.vc_custom_1463576070137{margin-bottom: 0.85rem !important;}&#8221;][\/vc_column][vc_column width=&#8221;8\/12&#8243;][\/vc_column][\/vc_row][vc_row][vc_column][\/vc_column][\/vc_row][vc_row css=&#8221;.vc_custom_1478932705272{margin-bottom: 90px !important;}&#8221;][vc_column el_class=&#8221;testimoniales&#8221;][\/vc_column][\/vc_row]<\/p>\n","protected":false},"author":1,"featured_media":0,"parent":0,"menu_order":0,"comment_status":"closed","ping_status":"closed","template":"","meta":{"footnotes":""},"class_list":["post-865","page","type-page","status-publish","hentry"],"_links":{"self":[{"href":"https:\/\/lagrimasdedolores.com\/en\/wp-json\/wp\/v2\/pages\/865","targetHints":{"allow":["GET"]}}],"collection":[{"href":"https:\/\/lagrimasdedolores.com\/en\/wp-json\/wp\/v2\/pages"}],"about":[{"href":"https:\/\/lagrimasdedolores.com\/en\/wp-json\/wp\/v2\/types\/page"}],"author":[{"embeddable":true,"href":"https:\/\/lagrimasdedolores.com\/en\/wp-json\/wp\/v2\/users\/1"}],"replies":[{"embeddable":true,"href":"https:\/\/lagrimasdedolores.com\/en\/wp-json\/wp\/v2\/comments?post=865"}],"version-history":[{"count":3,"href":"https:\/\/lagrimasdedolores.com\/en\/wp-json\/wp\/v2\/pages\/865\/revisions"}],"predecessor-version":[{"id":890,"href":"https:\/\/lagrimasdedolores.com\/en\/wp-json\/wp\/v2\/pages\/865\/revisions\/890"}],"wp:attachment":[{"href":"https:\/\/lagrimasdedolores.com\/en\/wp-json\/wp\/v2\/media?parent=865"}],"curies":[{"name":"wp","href":"https:\/\/api.w.org\/{rel}","templated":true}]}}